{"id":49499,"date":"2025-09-15T20:06:45","date_gmt":"2025-09-15T20:06:45","guid":{"rendered":"https:\/\/ganly.net\/?page_id=49499"},"modified":"2025-09-22T19:02:34","modified_gmt":"2025-09-22T19:02:34","slug":"exhibitions","status":"publish","type":"page","link":"https:\/\/ganly.net\/?page_id=49499","title":{"rendered":"Exhibitions"},"content":{"rendered":"\n<div class=\"gb-element-219eddaa\" style=\"--inline-bg-image: url(https:\/\/ganly.net\/wp-content\/uploads\/2025\/09\/traslucida.png)\">\n<figure class=\"wp-block-table is-style-regular\"><table><tbody><tr><td><strong>2024<\/strong><\/td><td>\u00c9pona, San Antonio de Areco, Buenos Aires, Argentina<\/td><\/tr><tr><td><strong>2023<\/strong><\/td><td>Escult\u00f3rica 2023, Buenos Aires, Argentina<br>\u00c9pona, La Rural, Buenos Aires, Argentina<\/td><\/tr><tr><td><strong>2022<\/strong><\/td><td>Brightman Hall, Northlands School, Buenos Aires, Argentina<\/td><\/tr><tr><td><strong>2021<\/strong><\/td><td>Pueblo Garz\u00f3n, Uruguay<br>MaLaLi Gallery in San Antonio de Areco, Buenos Aires, Argentina<\/td><\/tr><tr><td><strong>2019<\/strong><\/td><td>Hampton Classic Horse Show, Bridgehampton, USA<\/td><\/tr><tr><td><strong>2016<\/strong><\/td><td>Pinta, Miami, USA<br>&#8220;El Caballo&#8221; at Espacio de Arte Ag, Buenos Aires, Argentina<\/td><\/tr><tr><td><strong>2011<\/strong><\/td><td>&#8220;Polo x Women&#8221; at La Recova, Buenos Aires<br>&#8220;ArtRoad&#8221; at Sofitel La Reserva, Cardales Buenos Aires<br>Exhibition &#8220;Nuestros Caballos,&#8221; Buenos Aires<\/td><\/tr><tr><td><strong>2010<\/strong><\/td><td>Collective exhibition at Bodegas Norton, Buenos Aires, Argentina<br>Exhibition &#8220;Nuestros Caballos,&#8221; Buenos Aires, Argentina<br>121 Restaurant. Collective exhibition with Bonnie Edelman, North Salem, NY, USA<br>Murphy and Dine Gallery. Collective exhibition with Bonnie Edelman, Manhattan, NY, USA<br>&#8220;2010 Fall Show&#8221; at the American Academy of Equine Art, Georgetown, KY, USA<br>Exhibition &#8220;Nuestros Caballos,&#8221; Buenos Aires, Argentina<\/td><\/tr><tr><td><strong>2009<\/strong><\/td><td>1st Equestrian Art Salon at Hip\u00f3dromo de San Isidro, Buenos Aires, Argentina<br>Exhibition &#8220;Nuestros Caballos,&#8221; Buenos Aires, Argentina<br>The Mitchell Gallery, Aspen, USA<br>Collective exhibition &#8220;Polo Art&#8221; at Hipodromo de Palermo, Buenos Aires, Argentina<br>&#8220;Horses in the R\u00edo de la Plata&#8221; at Galer\u00eda Chaumiel-Bergez, San Antonio de Areco, Buenos Aires, Argentina<\/td><\/tr><tr><td><strong>2008<\/strong><\/td><td>La Rural Ganadera with Juan Carlos Pallarols and Jorge Frasca, Buenos Aires, Argentina<br>Exhibition &#8220;Nuestros Caballos,&#8221; Buenos Aires, Argentina<\/td><\/tr><tr><td><strong>2007<\/strong><\/td><td>Argentine Polo Association, Buenos Aires, Argentina<br>Exhibition &#8220;Nuestros Caballos,&#8221; Buenos Aires, Argentina<br>&#8220;Kiss Polo&#8221; at the Hurlingham Open, Buenos Aires, Argentina<br>Vinos &amp; Bodegas Expo with Juan Carlos Pallarols and Jorge Frasca, Buenos Aires, Argentina<\/td><\/tr><tr><td><strong>2006<\/strong><\/td><td>Collective exhibition at Sofitel Recoleta, Buenos Aires, Argentina<\/td><\/tr><tr><td><strong>2005<\/strong><\/td><td>Exposici\u00f3n Rural de Rafaela, Santa Fe, Argentina<\/td><\/tr><\/tbody><\/table><\/figure>\n\n\n\n<h3 class=\"gb-text gb-text-197c1a69\">TROPHIES<\/h3>\n\n\n\n<figure class=\"wp-block-table\"><table><tbody><tr><td><strong>2016-present<\/strong><\/td><td>Trophy for Gran Campeon Hereford de Palermo from the Argentine Hereford Breeders Association<\/td><\/tr><tr><td><strong>2013-present<\/strong><\/td><td>Trophies for Palermo Champions from the Argentine Brangus Breeders Association<\/td><\/tr><tr><td><strong>2008-2012<\/strong><\/td><td>Trophy for Deauville Racetrack, France<\/td><\/tr><tr><td><strong>2008-2010<\/strong><\/td><td>Trophy for Copa Bullrich, Hip\u00f3dromo de Palermo<br>Trophy for &#8220;Best Male Head&#8221; for the Argentine Arabian Horse Association<br>Trophy for Maro\u00f1as Racetrack, Montevideo, Uruguay<br>Trophy for Gran Premio Rep\u00fablica Argentina Breeder, Hip\u00f3dromo de Palermo<\/td><\/tr><\/tbody><\/table><\/figure>\n<\/div>\n","protected":false},"excerpt":{"rendered":"<p>2024 \u00c9pona, San Antonio de Areco, Buenos Aires, Argentina 2023 Escult\u00f3rica 2023, Buenos Aires, Argentina\u00c9pona, La Rural, Buenos Aires, Argentina 2022 Brightman Hall, Northlands School, Buenos Aires, Argentina 2021 Pueblo Garz\u00f3n, UruguayMaLaLi Gallery in San Antonio de Areco, Buenos Aires, Argentina 2019 Hampton Classic Horse Show, Bridgehampton, USA 2016 Pinta, Miami, USA&#8220;El Caballo&#8221; at Espacio &#8230; <a title=\"Exhibitions\" class=\"read-more\" href=\"https:\/\/ganly.net\/?page_id=49499\" aria-label=\"Read more about Exhibitions\">Read more<\/a><\/p>\n","protected":false},"author":2,"featured_media":0,"parent":0,"menu_order":0,"comment_status":"closed","ping_status":"closed","template":"","meta":{"om_disable_all_campaigns":false,"_monsterinsights_skip_tracking":false,"_monsterinsights_sitenote_active":false,"_monsterinsights_sitenote_note":"","_monsterinsights_sitenote_category":0,"footnotes":""},"class_list":["post-49499","page","type-page","status-publish"],"aioseo_notices":[],"_links":{"self":[{"href":"https:\/\/ganly.net\/index.php?rest_route=\/wp\/v2\/pages\/49499","targetHints":{"allow":["GET"]}}],"collection":[{"href":"https:\/\/ganly.net\/index.php?rest_route=\/wp\/v2\/pages"}],"about":[{"href":"https:\/\/ganly.net\/index.php?rest_route=\/wp\/v2\/types\/page"}],"author":[{"embeddable":true,"href":"https:\/\/ganly.net\/index.php?rest_route=\/wp\/v2\/users\/2"}],"replies":[{"embeddable":true,"href":"https:\/\/ganly.net\/index.php?rest_route=%2Fwp%2Fv2%2Fcomments&post=49499"}],"version-history":[{"count":35,"href":"https:\/\/ganly.net\/index.php?rest_route=\/wp\/v2\/pages\/49499\/revisions"}],"predecessor-version":[{"id":49611,"href":"https:\/\/ganly.net\/index.php?rest_route=\/wp\/v2\/pages\/49499\/revisions\/49611"}],"wp:attachment":[{"href":"https:\/\/ganly.net\/index.php?rest_route=%2Fwp%2Fv2%2Fmedia&parent=49499"}],"curies":[{"name":"wp","href":"https:\/\/api.w.org\/{rel}","templated":true}]}}